{"id":25551,"date":"2018-06-04T10:03:41","date_gmt":"2018-06-04T10:03:41","guid":{"rendered":"http:\/\/www.gamberinisrl.it\/?page_id=25551"},"modified":"2018-07-03T18:06:59","modified_gmt":"2018-07-03T18:06:59","slug":"privacy-policy","status":"publish","type":"page","link":"https:\/\/www.gamberinisrl.it\/it\/privacy-policy\/","title":{"rendered":"Privacy Policy"},"content":{"rendered":"<p><\/p>\n<div class=\"entry-content post-content\">\n<h1>Informativa sul trattamento dei dati personali<\/h1>\n<h3>Informativa ai sensi e per gli effetti di cui all\u2019art. 6, Regolamento UE n. 679\/2016, agli artt. 13-14, Reg UE 679\/2016 (di seguito \u201cGDPR\u201d), nonch\u00e9 art. 13 e 23 D.Lgs. 196\/2003 (di seguito \u201cCodice Privacy\u201d).<\/h3>\n<p>Il nuovo Regolamento UE per la protezione dei dati personali n. 679 del 2016 e il D.Lgs. 196 del 2003 hanno la finalit\u00e0 di garantire che il trattamento dei dati personali degli utenti si svolga nel rispetto dei diritti delle libert\u00e0 fondamentali e della dignit\u00e0 delle persone, con particolare riferimento alla riservatezza e all\u2019identit\u00e0 personale. Pertanto abbiamo il dovere di informarla sulla nostra politica in materia di privacy.<\/p>\n<p>I dati forniti a Gamberini srl nelle pagine del sito web raggiungibile all\u2019indirizzo (URL) www.gamberinisrl.it (di seguito \u201cSito\u201d) durante la navigazione, gli acquisti, al momento della registrazione e successivamente per l\u2019utilizzo dei servizi di volta in volta forniti da Gamberinisrl.it, saranno trattati nel rispetto delle disposizioni del GDPR e del Codice Privacy. Ai sensi e per gli effetti degli articoli 13-14 GDPR e degli articoli 13 e 23 del Codice Privacy, Gamberini srl, nella persona del proprio rappresentante legale Giorgio Gamberini, informa l\u2019utente che i dati saranno trattati con le modalit\u00e0 e per le finalit\u00e0 seguenti.<\/p>\n<h2>1. Titolare del trattamento<\/h2>\n<p>L&#8217;indirizzo del nostro sito web \u00e8: http:\/\/www.gamberinisrl.it. Il titolare del trattamento dei dati \u00e8 la societ\u00e0 Gamberini S.R.L con sede legale in Via Funo, 8\u00a0 &#8211; 40050 FUNO (BO) &#8211; ITALIA, Numero di partita IVA\u00a0 00656901204, telefono: +39 051 861988, email: info@gamberinisrl.it, PEC: gamberinisrl@pec.it, il rappresentante legale \u00e8 Giorgio Gamberini (privacy@gamberinisrl.it) residente in Via Funo, 8\u00a0 &#8211; 40050 FUNO (BO) &#8211; ITALY.<\/p>\n<h2>2. Natura dei dati trattati e finalit\u00e0 del trattamento<\/h2>\n<p><strong>2.1<\/strong> I dati dell\u2019utente sono raccolti e utilizzati esclusivamente per finalit\u00e0 direttamente connesse e strumentali all\u2019attivazione ed al funzionamento dei servizi forniti dal Sito del Titolare, per l\u2019adempimento agli obblighi previsti dalla legge, da regolamento o normativa comunitaria, nonch\u00e9 per l\u2019esercizio dei propri diritti in sede giudiziaria.<\/p>\n<p><strong>2.2<\/strong> Ai sensi del GDPR, i marcatori temporanei, gli indirizzi IP e altri tipi di identificativi possono lasciare tracce che, in particolare se combinate con identificativi univoci e altre informazioni ricevute dai server, possono essere utilizzate per creare profili delle persone fisiche e identificarle. Pertanto questi identificativi sono da considerarsi dati personali. Alcuni di questi identificativi sono necessari al funzionamento essenziale del Sito. L\u2019utente pu\u00f2 consentire o negare l\u2019uso dei marcatori temporanei tramite appositi pulsanti visualizzati nella finestra dedicata, che compare in alto ed al centro della home page del Sito. Le tipologie di identificativi esistenti e quelle in uso sul Sito sono elencati e descritti nella pagina web \u201cInformativa estesa sull\u2019uso dei Cookies\u201d, consultabile all\u2019indirizzo web http:\/\/www.gamberinisrl.it\/informativa-uso-cookie\/. In questa pagina \u00e8 possibile seguire le istruzioni per gestire l\u2019uso dei marcatori temporanei da parte del Sito.<\/p>\n<p><strong>2.3<\/strong> L\u2019indirizzo e-mail dell\u2019utente conferito da quest\u2019ultimo in sede di registrazione alla newsletter potr\u00e0 essere utilizzato dal Titolare per l\u2019invio di \u201cNewsletter\u201d con finalit\u00e0 di: aggiornamenti, invio di comunicazioni relative esclusivamente alle novit\u00e0 del sito o delle iniziative dell\u2019organizzazione. L\u2019utente pu\u00f2 pu\u00f2 opporsi al predetto trattamento successivamente inviando un\u2019 e-mail all\u2019indirizzo info@gamberinisrl.it. Tale opposizione non produrr\u00e0 alcuna conseguenza sull\u2019erogazione degli altri servizi del Sito. Inoltre, in calce ad ogni e-mail, \u00e8 sempre disponibile un link per l\u2019annullamento dell\u2019iscrizione alla Newsletter.<\/p>\n<h2>3. Natura del conferimento dei dati e conseguenze del rifiuto a rispondere<\/h2>\n<p><strong>3.1<\/strong> Il conferimento dei dati richiesti all\u2019atto della attivazione dei servizi web, per le finalit\u00e0 di cui alla precedente sezione 2.1, \u00e8 funzionale allo svolgimento degli stessi. L\u2019eventuale rifiuto di fornire i dati comporta l\u2019impossibilit\u00e0 per Gamberini srl di prestare i servizi web previsti.<\/p>\n<p><strong>3.2<\/strong> Il rifiuto del consenso per le altre finalit\u00e0 della sezione 2.3 non produrr\u00e0 alcuna conseguenza sull\u2019erogazione dei servizi web.<\/p>\n<p><strong>3.3<\/strong> Il rifiuto del consenso per le altre finalit\u00e0 della sezione 2.4 non produrr\u00e0 alcuna conseguenza sull\u2019erogazione dei servizi web.<\/p>\n<h2>4. Comunicazione dei dati<\/h2>\n<p><strong>4.1<\/strong> I dati personali dell\u2019utente possono essere comunicati a soggetti determinati, incaricati dal Titolare per la fornitura di servizi strumentali o necessari all\u2019esecuzione delle obbligazioni connesse, nei limiti ed in conformit\u00e0 alle istruzioni impartite.<\/p>\n<p>In particolare i dati potranno essere comunicati a:<\/p>\n<p>4.1.1 persone, societ\u00e0 o studi professionali, che prestino attivit\u00e0 di assistenza, consulenza o collaborazione a Gamberini srl in materia contabile, amministrativa, legale, tributaria e finanziaria;<\/p>\n<p>4.1.2 soggetti delegati e\/o incaricati da Gamberini srl all\u2019espletamento delle attivit\u00e0 o di parte delle attivit\u00e0 correlate all\u2019erogazione dei servizi; i soggetti esterni che svolgono per conto del Titolare qualunque altra attivit\u00e0 cui la comunicazione sia necessaria per il corretto adempimento delle obbligazioni assunte da Gamberini srl in relazione alle attivit\u00e0 dell\u2019associazione;<\/p>\n<p>4.1.3 a Pubbliche Amministrazioni per lo svolgimento delle funzioni istituzionali nei limiti stabiliti dalla legge o dai regolamenti.<\/p>\n<p><strong>4.2<\/strong> I dati dell\u2019utente non sono soggetti a diffusione.<\/p>\n<h2>5. Modalit\u00e0 del trattamento<\/h2>\n<p><strong>5.1<\/strong> I dati vengono raccolti per via telematica e trattati mediante operazioni di registrazione, consultazione, comunicazione, conservazione e cancellazione effettuate in prevalenza con l\u2019ausilio di strumenti elettronici, assicurando l\u2019impiego di misure idonee per la sicurezza dei dati trattati e garantendo la riservatezza dei medesimi.<\/p>\n<p><strong>5.2<\/strong> I dati dell\u2019utente, memorizzati su supporto elettronico, sono custoditi e archiviati su un server web con sede in Italia. Tale server permette la fruibilit\u00e0 e funzionalit\u00e0 del Sito nel rispetto dei principi espressi nel GDPR e Codice Privacy. In particolare, il Titolare dichiara che i dati registrati sul server sono protetti contro il rischio di intrusione e accesso non autorizzato, e di avere altres\u00ec adottato misure di sicurezza idonee a garantire l\u2019integrit\u00e0 e la disponibilit\u00e0 dei dati, nonch\u00e9 la protezione delle aree e dei locali rilevanti ai fini della loro custodia e accessibilit\u00e0.<\/p>\n<p><strong>5.3<\/strong> I dati dell\u2019utente, memorizzati su supporto elettronico, sono custoditi e archiviati su un computer per la gestione aziendale di propriet\u00e0 del Titolare. In particolare, il Titolare dichiara che i dati registrati sul computer di sua propriet\u00e0 sono protetti contro il rischio di intrusione e accesso non autorizzato, e di avere altres\u00ec adottato misure di sicurezza idonee a garantire l\u2019integrit\u00e0 e la disponibilit\u00e0 dei dati, nonch\u00e9 la protezione delle aree e dei locali rilevanti ai fini della loro custodia e accessibilit\u00e0.<\/p>\n<p><strong>5.4<\/strong> I dati personali verranno trattati da collaboratori del Titolare in qualit\u00e0 di responsabili o incaricati al trattamento nell\u2019ambito delle rispettive funzioni ed in conformit\u00e0 alle istruzioni impartite dal Titolare.<\/p>\n<p><strong>5.5<\/strong> Gamberini srl garantisce il massimo livello di sicurezza nella gestione dei dati dell\u2019utente nel rispetto del GDPR e del Codice Privacy.<\/p>\n<p><strong>5.6<\/strong> I dati, o parti di essi, possono essere memorizzati su server con sede in Paesi extra UE allo scopo di backup. Il proprietario di tali server, offrendo il servizio di archiviazione di cui il Titolare si avvale, rispetta i principi stabiliti nel Reg. UE \u201cGDPR\u201d n. 679\/2016.<\/p>\n<p><strong>5.7<\/strong> L\u2019interessato pu\u00f2 esercitare i propri diritti nei confronti del Titolare e\/o di ciascuno dei soggetti terzi al Titolare, che implementano servizi web e\/o di archiviazione dei quali il Titolare si avvale.<\/p>\n<h2>6. Diritti dell\u2019interessato<\/h2>\n<h3>Ai sensi e per gli effetti degli artt. 12-23 del Regolamento UE 679\/2016 (\u201cGDPR\u201d) e art. 7 del Codice Privacy, si rende noto all\u2019utente quanto segue.<\/h3>\n<p><strong>6.1<\/strong> L\u2019utente ha diritto di ottenere, in ogni momento, la conferma dell\u2019esistenza dei dati che lo riguardano e delle finalit\u00e0 per cui vengono utilizzati. Ha altres\u00ec il diritto di chiedere l\u2019aggiornamento o la rettifica, la cancellazione o il blocco dei dati e di opporsi, in tutto o in parte, al loro trattamento.<\/p>\n<p><strong>6.2<\/strong> Per esercitare i diritti di cui al paragrafo 6, nonch\u00e9 per ricevere informazioni relative ai soggetti presso cui i dati sono archiviati o ai quali i dati vengono comunicati ovvero sui soggetti che, in qualit\u00e0 di responsabili od incaricati, possono venire a conoscenza dei suoi dati, l\u2019utente potr\u00e0 rivolgersi al Titolare.<\/p>\n<p><strong>6.3<\/strong> Il GDPR e il Codice Privacy dispongono il diritto di accesso ai dati personali ed altri diritti:<\/p>\n<p>6.3.1 L\u2019interessato ha diritto di ottenere la conferma dell\u2019esistenza o meno di dati personali che lo riguardano, anche se non ancora registrati, e la loro comunicazione in forma intelligibile.<\/p>\n<p>6.3.2 L\u2019interessato ha diritto di ottenere l\u2019indicazione:<\/p>\n<p>a) dell\u2019origine dei dati personali;<br \/>\nb) delle finalit\u00e0 e modalit\u00e0 del trattamento;<br \/>\nc) della logica applicata in caso di trattamento effettuato con l\u2019ausilio di strumenti elettronici;<br \/>\nd) degli estremi identificativi del Titolare, dei responsabili e del rappresentante designato;<br \/>\ne) dei soggetti o delle categorie di soggetti ai quali i dati personali possono essere comunicati o che possono venirne a conoscenza in qualit\u00e0 di rappresentante designato nel territorio dello Stato, di responsabili o incaricati.<\/p>\n<p>6.3.3 L\u2019interessato ha diritto di ottenere:<\/p>\n<p>a) l\u2019aggiornamento, la rettificazione ovvero, quando vi ha interesse, l\u2019integrazione dei dati;<br \/>\nb) la cancellazione, la trasformazione in forma anonima o il blocco dei dati trattati in violazione di legge, compresi quelli di cui non \u00e8 necessaria la conservazione in relazione agli scopi per i quali i dati sono stati raccolti o successivamente trattati;<br \/>\nc) l\u2019attestazione che le operazioni di cui alle lettere a) e b) sono state portate a conoscenza, anche per quanto riguarda il loro contenuto, di coloro ai quali i dati sono stati comunicati o diffusi, eccettuato il caso in cui tale adempimento si rivela impossibile o comporta un impiego di mezzi manifestamente sproporzionato rispetto al diritto tutelato.<\/p>\n<p>6.3.4 L\u2019interessato ha diritto di opporsi, in tutto o in parte:<\/p>\n<p>a) per motivi legittimi al trattamento dei dati personali che lo riguardano, oltre che pertinenti allo scopo della raccolta;<br \/>\nb) al trattamento di dati personali che lo riguardano a fini di invio di materiale pubblicitario o di vendita diretta o per il compimento di ricerche di mercato o di comunicazione commerciale.<\/p>\n<p>6.3.5 L\u2019interessato ha diritto alla limitazione al trattamento dei dati, che costituisce un diritto diverso e pi\u00f9 esteso rispetto al \u201cblocco\u201d del trattamento previsto nel Codice Privacy (art. 7).<\/p>\n<p>6.3.6 L\u2019interessato ha diritto alla portabilit\u00e0 dei dati, che riguarda i trattamenti:<\/p>\n<p>a) basati sul consenso o su un contratto stipulato con l\u2019interessato;<br \/>\nb) effettuati con mezzi automatizzati.<\/p>\n<p>6.3.7 L\u2019interessato ha diritto di revocare il consenso al trattamento, senza pregiudizio per la liceit\u00e0 del trattamento basata sul consenso acquisito prima della revoca.<\/p>\n<p>6.3.8 L\u2019interessato pu\u00f2 proporre reclamo all\u2019Autorit\u00e0 Garante per le Protezione dei Dati Personali.<\/p>\n<p><strong>6.4<\/strong> Per esercitare i diritti sopraindicati, nonch\u00e9 per ricevere informazioni relative ai soggetti presso i quali i dati sono archiviati o ai quali i dati vengono comunicati ovvero ai soggetti che, in qualit\u00e0 di responsabili o incaricati, possono venire a conoscenza dei dati personali, l\u2019interessato potr\u00e0 rivolgersi al Titolare inviando una richiesta al seguente indirizzo e-mail privacy@gamberinisrl.it.<\/p>\n<h2>7. Durata del trattamento<\/h2>\n<p>Il trattamento avr\u00e0 una durata non superiore a quella necessaria alle finalit\u00e0 per le quali i dati sono stati raccolti in ottemperanza agli obblighi di natura civilistica, fiscale e tributaria vigenti. In ogni caso, la conservazione dei dati non superer\u00e0 la durata di 10 anni dalla cessazione del rapporto. Decorso tale periodo di conservazione, i dati saranno distrutti e\/o cancellati.<\/p>\n<\/div>\n<p><\/p>","protected":false},"excerpt":{"rendered":"<p>Informativa sul trattamento dei dati personali Informativa ai sensi e per gli effetti di cui all\u2019art. 6, Regolamento UE n&#8230;.<\/p>\n","protected":false},"author":1,"featured_media":0,"parent":0,"menu_order":0,"comment_status":"closed","ping_status":"closed","template":"","meta":{"footnotes":""},"_links":{"self":[{"href":"https:\/\/www.gamberinisrl.it\/it\/wp-json\/wp\/v2\/pages\/25551"}],"collection":[{"href":"https:\/\/www.gamberinisrl.it\/it\/wp-json\/wp\/v2\/pages"}],"about":[{"href":"https:\/\/www.gamberinisrl.it\/it\/wp-json\/wp\/v2\/types\/page"}],"author":[{"embeddable":true,"href":"https:\/\/www.gamberinisrl.it\/it\/wp-json\/wp\/v2\/users\/1"}],"replies":[{"embeddable":true,"href":"https:\/\/www.gamberinisrl.it\/it\/wp-json\/wp\/v2\/comments?post=25551"}],"version-history":[{"count":2,"href":"https:\/\/www.gamberinisrl.it\/it\/wp-json\/wp\/v2\/pages\/25551\/revisions"}],"predecessor-version":[{"id":25564,"href":"https:\/\/www.gamberinisrl.it\/it\/wp-json\/wp\/v2\/pages\/25551\/revisions\/25564"}],"wp:attachment":[{"href":"https:\/\/www.gamberinisrl.it\/it\/wp-json\/wp\/v2\/media?parent=25551"}],"curies":[{"name":"wp","href":"https:\/\/api.w.org\/{rel}","templated":true}]}}